{"id":2550,"date":"2013-07-31T19:57:50","date_gmt":"2013-07-31T18:57:50","guid":{"rendered":"http:\/\/bright-techs.com\/aquamarine\/?page_id=2"},"modified":"2023-09-26T09:34:22","modified_gmt":"2023-09-26T08:34:22","slug":"rolunk","status":"publish","type":"page","link":"https:\/\/aquamarineragdolls.com\/en\/rolunk\/","title":{"rendered":"About us"},"content":{"rendered":"<p><div class=\"fusion-fullwidth fullwidth-box fusion-builder-row-2 hundred-percent-fullwidth non-hundred-percent-height-scrolling\" style=\"--awb-border-radius-top-left:0px;--awb-border-radius-top-right:0px;--awb-border-radius-bottom-right:0px;--awb-border-radius-bottom-left:0px;--awb-overflow:visible;--awb-flex-wrap:wrap;\" ><div class=\"fusion-builder-row fusion-row\"><div class=\"fusion-layout-column fusion_builder_column fusion-builder-column-1 fusion_builder_column_1_1 1_1 fusion-one-full fusion-column-first fusion-column-last fusion-column-no-min-height\" style=\"--awb-bg-size:cover;--awb-margin-bottom:0px;\"><div class=\"fusion-column-wrapper fusion-flex-column-wrapper-legacy\">\n<h2 style=\"text-align: center; font-family: 'Parisienne'; font-size: 200%;\">About us<\/h2>\n<div class=\"fusion-sep-clear\"><\/div><div class=\"fusion-separator fusion-has-icon fusion-full-width-sep\" style=\"margin-left: auto;margin-right: auto;margin-top:10px;margin-bottom:25px;width:100%;\"><\/div><div class=\"fusion-sep-clear\"><\/div>\n<div class=\"fusion-builder-row fusion-builder-row-inner fusion-row\"><div class=\"fusion-layout-column fusion_builder_column_inner fusion-builder-nested-column-2 fusion_builder_column_inner_1_2 1_2 fusion-one-half fusion-column-first\" style=\"--awb-bg-size:cover;width:48%; margin-right: 4%;\"><div class=\"fusion-column-wrapper fusion-flex-column-wrapper-legacy\">\n<p><img decoding=\"async\" class=\"aligncenter wp-image-2050\" title=\"Ragdoll cic\u00e1nkkal Cissyvel\" src=\"https:\/\/aquamarineragdolls.com\/wp-content\/uploads\/2014\/08\/blanka_tomi_cissy_img02-copy.png\" alt=\"Ragdoll cic\u00e1nkkal Cissyvel\" width=\"534\" height=\"690\" srcset=\"https:\/\/aquamarineragdolls.com\/wp-content\/uploads\/2014\/08\/blanka_tomi_cissy_img02-copy-232x300.png 232w, https:\/\/aquamarineragdolls.com\/wp-content\/uploads\/2014\/08\/blanka_tomi_cissy_img02-copy.png 534w\" sizes=\"(max-width: 534px) 100vw, 534px\" \/><\/p>\n<div class=\"fusion-clearfix\"><\/div><\/div><\/div>\n<div class=\"fusion-layout-column fusion_builder_column_inner fusion-builder-nested-column-3 fusion_builder_column_inner_1_2 1_2 fusion-one-half fusion-column-last\" style=\"--awb-bg-size:cover;width:48%;\"><div class=\"fusion-column-wrapper fusion-flex-column-wrapper-legacy\">\n<div class=\"accordian fusion-accordian\" style=\"--awb-border-size:1px;--awb-icon-size:13px;--awb-content-font-size:18px;--awb-icon-alignment:left;--awb-hover-color:#f9f9f9;--awb-border-color:#cccccc;--awb-background-color:#ffffff;--awb-divider-color:#3399ff;--awb-divider-hover-color:#3399ff;--awb-icon-color:#ffffff;--awb-title-color:#003399;--awb-content-color:#003366;--awb-icon-box-color:#003366;--awb-toggle-hover-accent-color:#3399ff;--awb-title-font-family:&quot;Ubuntu Condensed&quot;;--awb-title-font-weight:400;--awb-title-font-style:normal;--awb-title-font-size:26px;--awb-content-font-family:&quot;Dosis&quot;;--awb-content-font-style:normal;--awb-content-font-weight:400;\"><div class=\"panel-group fusion-toggle-icon-boxed\" id=\"accordion-2550-2\"><div class=\"fusion-panel panel-default panel-82609eda69192b0bd fusion-toggle-has-divider\"><div class=\"panel-heading\"><h4 class=\"panel-title toggle\" id=\"toggle_82609eda69192b0bd\"><a class=\"active\" aria-expanded=\"true\" aria-controls=\"82609eda69192b0bd\" role=\"button\" data-toggle=\"collapse\" data-parent=\"#accordion-2550-2\" data-target=\"#82609eda69192b0bd\" href=\"#82609eda69192b0bd\"><span class=\"fusion-toggle-icon-wrapper\" aria-hidden=\"true\"><i class=\"fa-fusion-box active-icon awb-icon-minus\" aria-hidden=\"true\"><\/i><i class=\"fa-fusion-box inactive-icon awb-icon-plus\" aria-hidden=\"true\"><\/i><\/span><span class=\"fusion-toggle-heading\"><strong>Introduction<\/strong><\/span><\/a><\/h4><\/div><div id=\"82609eda69192b0bd\" class=\"panel-collapse collapse in\" aria-labelledby=\"toggle_82609eda69192b0bd\"><div class=\"panel-body toggle-content fusion-clearfix\">\n<p><!--more--><\/p>\n<p style=\"text-align: left;\">The <strong>Aquamarine Dolls Ragdoll Cattery<\/strong> is located in Budapest, Hungary.<\/p>\n<p style=\"text-align: left;\">Cats have always been filled a memorable part in my life. Althogh I like dogs as well, I have always been impressed by the <strong>individuality and mysticism of cats<\/strong>.<\/p>\n<p style=\"text-align: left;\">Before me and my husband decided to take home our first little sweetheart we were thinking a lot about different kind of breeds.<\/p>\n<p style=\"text-align: left;\">Our dream was to find a breed which could easily adapt to our life, which is very kind and friendly and loves to be with us.<\/p>\n<p style=\"text-align: left;\">The <a title=\"A ragdoll\" href=\"https:\/\/aquamarineragdolls.com\/en\/a-ragdoll\/\"><em><strong>ragdoll<\/strong><\/em><\/a> proved to be the <strong>perfect breed for us<\/strong>.<\/p>\n<\/div><\/div><\/div>\n<div class=\"fusion-panel panel-default panel-f0ff49961f717247c fusion-toggle-has-divider\"><div class=\"panel-heading\"><h4 class=\"panel-title toggle\" id=\"toggle_f0ff49961f717247c\"><a aria-expanded=\"false\" aria-controls=\"f0ff49961f717247c\" role=\"button\" data-toggle=\"collapse\" data-parent=\"#accordion-2550-2\" data-target=\"#f0ff49961f717247c\" href=\"#f0ff49961f717247c\"><span class=\"fusion-toggle-icon-wrapper\" aria-hidden=\"true\"><i class=\"fa-fusion-box active-icon awb-icon-minus\" aria-hidden=\"true\"><\/i><i class=\"fa-fusion-box inactive-icon awb-icon-plus\" aria-hidden=\"true\"><\/i><\/span><span class=\"fusion-toggle-heading\"><strong>Our ragdoll cats<\/strong><\/span><\/a><\/h4><\/div><div id=\"f0ff49961f717247c\" class=\"panel-collapse collapse \" aria-labelledby=\"toggle_f0ff49961f717247c\"><div class=\"panel-body toggle-content fusion-clearfix\">\n<p><!--more--><\/p>\n<p style=\"text-align: left;\">Our cats all have <b>tipical ragdoll nature<\/b>. They are gracious, likeable and very playful \u201erag-doll\u201d cats.<\/p>\n<p style=\"text-align: left;\">They act like a puppy, follow the members of the family all over the house.<\/p>\n<\/div><\/div><\/div>\n<div class=\"fusion-panel panel-default panel-7b58c1e3066c4d488 fusion-toggle-has-divider\"><div class=\"panel-heading\"><h4 class=\"panel-title toggle\" id=\"toggle_7b58c1e3066c4d488\"><a aria-expanded=\"false\" aria-controls=\"7b58c1e3066c4d488\" role=\"button\" data-toggle=\"collapse\" data-parent=\"#accordion-2550-2\" data-target=\"#7b58c1e3066c4d488\" href=\"#7b58c1e3066c4d488\"><span class=\"fusion-toggle-icon-wrapper\" aria-hidden=\"true\"><i class=\"fa-fusion-box active-icon awb-icon-minus\" aria-hidden=\"true\"><\/i><i class=\"fa-fusion-box inactive-icon awb-icon-plus\" aria-hidden=\"true\"><\/i><\/span><span class=\"fusion-toggle-heading\"><strong>Lifestyle<\/strong><\/span><\/a><\/h4><\/div><div id=\"7b58c1e3066c4d488\" class=\"panel-collapse collapse \" aria-labelledby=\"toggle_7b58c1e3066c4d488\"><div class=\"panel-body toggle-content fusion-clearfix\">\n<p><!--more--><\/p>\n<p style=\"text-align: left;\">Our cats eat only <b>high quality, super premium pet food<\/b> in order to maintain excellent condition and health.<\/p>\n<\/div><\/div><\/div><\/div><\/div>\n<div class=\"fusion-clearfix\"><\/div><\/div><\/div><\/div>\n<div class=\"fusion-reading-box-container reading-box-container-2\" style=\"--awb-title-color:#3399ff;--awb-margin-top:0px;--awb-margin-bottom:84px;\"><div class=\"reading-box reading-box-center\" style=\"background-color:#ffffff;border-width:1px;border-color:#3498db;border-left-width:3px;border-left-color:var(--primary_color);border-style:solid;\"><div class=\"reading-box-additional\">We are pleased that you are browsing the webpage of Aquamarine Dolls\u00a0Ragdoll Cattery.<br \/>\nYou will always find up-to-date information on our website.<\/p>\n<p>Have a good time!<\/div><div class=\"fusion-clearfix\"><\/div><\/div><svg style=\"opacity:0.1;\" xmlns=\"http:\/\/www.w3.org\/2000\/svg\" version=\"1.1\" width=\"100%\" viewBox=\"0 0 600 28\" preserveAspectRatio=\"none\"><g clip-path=\"url(#a)\"><mask id=\"b\" style=\"mask-type:luminance\" maskUnits=\"userSpaceOnUse\" x=\"0\" y=\"0\" width=\"600\" height=\"28\"><path d=\"M0 0h600v28H0V0Z\" fill=\"#fff\"\/><\/mask><g filter=\"url(#c)\" mask=\"url(#b)\"><path d=\"M16.439-18.667h567.123v30.8S438.961-8.4 300-8.4C161.04-8.4 16.438 12.133 16.438 12.133v-30.8Z\" fill=\"#000\"\/><\/g><\/g><defs><clipPath id=\"a\"><path fill=\"#fff\" d=\"M0 0h600v28H0z\"\/><\/clipPath><filter id=\"c\" x=\"5.438\" y=\"-29.667\" width=\"589.123\" height=\"52.8\" filterUnits=\"userSpaceOnUse\" color-interpolation-filters=\"sRGB\"><feFlood flood-opacity=\"0\" result=\"BackgroundImageFix\"\/><feBlend in=\"SourceGraphic\" in2=\"BackgroundImageFix\" result=\"shape\"\/><feGaussianBlur stdDeviation=\"5.5\" result=\"effect1_foregroundBlur_3983_183\"\/><\/filter><\/defs><\/svg><\/div>\n<div class=\"fusion-builder-row fusion-builder-row-inner fusion-row\"><div class=\"fusion-layout-column fusion_builder_column_inner fusion-builder-nested-column-4 fusion_builder_column_inner_3_5 3_5 fusion-three-fifth fusion-column-first\" style=\"--awb-bg-position:center center;--awb-bg-size:cover;width:58.4%; margin-right: 4%;\"><div class=\"fusion-column-wrapper fusion-flex-column-wrapper-legacy\">\n<div class=\"fusion-text fusion-text-1\"><p><!--more--><br \/>\n<!--more--><\/p>\n<h2 style=\"text-align: center;\"><span style=\"font-size: 40px; line-height: 150%;\"><b>We are committed to the<br \/>\nresponsible breeding of ragdolls.<\/b><\/span><\/h2>\n<\/div>\n<div class=\"fusion-clearfix\"><\/div><\/div><\/div>\n<div class=\"fusion-layout-column fusion_builder_column_inner fusion-builder-nested-column-5 fusion_builder_column_inner_2_5 2_5 fusion-two-fifth fusion-column-last\" style=\"--awb-bg-size:cover;width:37.6%;\"><div class=\"fusion-column-wrapper fusion-flex-column-wrapper-legacy\">\n<div class=\"fusion-text fusion-text-2\"><p><img decoding=\"async\" width=\"302\" height=\"252\" class=\"aligncenter size-full wp-image-2957\" src=\"https:\/\/aquamarineragdolls.com\/wp-content\/uploads\/2015\/02\/aquamarine-dolls-ragdoll-cattery-test-the-cats.jpg\" alt=\"Aquamarine Dolls Ragdoll Cattery - We test our cats\" srcset=\"https:\/\/aquamarineragdolls.com\/wp-content\/uploads\/2015\/02\/aquamarine-dolls-ragdoll-cattery-test-the-cats-216x180.jpg 216w, https:\/\/aquamarineragdolls.com\/wp-content\/uploads\/2015\/02\/aquamarine-dolls-ragdoll-cattery-test-the-cats-250x209.jpg 250w, https:\/\/aquamarineragdolls.com\/wp-content\/uploads\/2015\/02\/aquamarine-dolls-ragdoll-cattery-test-the-cats-300x250.jpg 300w, https:\/\/aquamarineragdolls.com\/wp-content\/uploads\/2015\/02\/aquamarine-dolls-ragdoll-cattery-test-the-cats.jpg 302w\" sizes=\"(max-width: 302px) 100vw, 302px\" \/><\/p>\n<\/div>\n<div class=\"fusion-clearfix\"><\/div><\/div><\/div><\/div>\n<div class=\"fusion-sep-clear\"><\/div><div class=\"fusion-separator fusion-full-width-sep\" style=\"margin-left: auto;margin-right: auto;margin-top:5px;margin-bottom:5px;width:100%;\"><\/div><div class=\"fusion-sep-clear\"><\/div>\n<div class=\"fusion-builder-row fusion-builder-row-inner fusion-row\"><div class=\"fusion-layout-column fusion_builder_column_inner fusion-builder-nested-column-6 fusion_builder_column_inner_2_5 2_5 fusion-two-fifth fusion-column-first\" style=\"--awb-bg-size:cover;width:37.6%; margin-right: 4%;\"><div class=\"fusion-column-wrapper fusion-flex-column-wrapper-legacy\">\n<div class=\"fusion-text fusion-text-3\"><p><a href=\"http:\/\/rfci.org\/ target=\"_blank\"><img decoding=\"async\" width=\"299\" height=\"160\" class=\"aligncenter size-full wp-image-2939\" src=\"https:\/\/aquamarineragdolls.com\/wp-content\/uploads\/2015\/02\/aquamarine-dolls-ragdoll-cattery-rcfi-banner.gif\" alt=\"Aquamarine Dolls Ragdoll Cattery - Member of RFCI\" \/><\/a><\/p>\n<\/div>\n<div class=\"fusion-clearfix\"><\/div><\/div><\/div>\n<div class=\"fusion-layout-column fusion_builder_column_inner fusion-builder-nested-column-7 fusion_builder_column_inner_3_5 3_5 fusion-three-fifth fusion-column-last\" style=\"--awb-bg-position:center center;--awb-bg-size:cover;width:58.4%;\"><div class=\"fusion-column-wrapper fusion-flex-column-wrapper-legacy\">\n<div class=\"fusion-text fusion-text-4\"><p><img decoding=\"async\" width=\"890\" height=\"224\" class=\"aligncenter size-full wp-image-2955\" src=\"https:\/\/aquamarineragdolls.com\/wp-content\/uploads\/2015\/02\/aquamarin-dolls-ragdoll-cattery-true-ragdoll-breeder.jpg\" alt=\"Aquamarine Dolls Ragdoll Cattery - Breeding true ragdolls\" srcset=\"https:\/\/aquamarineragdolls.com\/wp-content\/uploads\/2015\/02\/aquamarin-dolls-ragdoll-cattery-true-ragdoll-breeder-250x63.jpg 250w, https:\/\/aquamarineragdolls.com\/wp-content\/uploads\/2015\/02\/aquamarin-dolls-ragdoll-cattery-true-ragdoll-breeder-300x76.jpg 300w, https:\/\/aquamarineragdolls.com\/wp-content\/uploads\/2015\/02\/aquamarin-dolls-ragdoll-cattery-true-ragdoll-breeder-550x138.jpg 550w, https:\/\/aquamarineragdolls.com\/wp-content\/uploads\/2015\/02\/aquamarin-dolls-ragdoll-cattery-true-ragdoll-breeder-715x180.jpg 715w, https:\/\/aquamarineragdolls.com\/wp-content\/uploads\/2015\/02\/aquamarin-dolls-ragdoll-cattery-true-ragdoll-breeder-800x201.jpg 800w, https:\/\/aquamarineragdolls.com\/wp-content\/uploads\/2015\/02\/aquamarin-dolls-ragdoll-cattery-true-ragdoll-breeder.jpg 890w\" sizes=\"(max-width: 890px) 100vw, 890px\" \/><\/p>\n<\/div>\n<div class=\"fusion-clearfix\"><\/div><\/div><\/div><\/div><div class=\"fusion-clearfix\"><\/div><\/div><\/div><\/div><\/div><\/p>","protected":false},"excerpt":{"rendered":"<p>Sorry, this entry is only available in Magyar.<\/p>\n","protected":false},"author":5,"featured_media":0,"parent":0,"menu_order":2,"comment_status":"closed","ping_status":"closed","template":"","meta":{"footnotes":""},"class_list":["post-2550","page","type-page","status-publish","hentry"],"yoast_head":"<!-- This site is optimized with the Yoast SEO plugin v27.3 - https:\/\/yoast.com\/product\/yoast-seo-wordpress\/ -->\n<title>About us - Aquamarine Dolls Ragdoll Cattery<\/title>\n<meta name=\"description\" content=\"Aquamarine Dolls teny\u00e9szet\u00fcnk Budapesten m\u0171k\u00f6dik. C\u00e9lunk: eg\u00e9szs\u00e9ges, igazi ragdoll tulajdons\u00e1gokkal felruh\u00e1zott cic\u00e1k teny\u00e9szt\u00e9se.Aquamarine Dolls Ragdoll Cattery is committed to the responsible breeding of ragdolls. We are located in Budapest, Hungary.\" \/>\n<meta name=\"robots\" content=\"index, follow, max-snippet:-1, max-image-preview:large, max-video-preview:-1\" \/>\n<link rel=\"canonical\" href=\"https:\/\/aquamarineragdolls.com\/rolunk\/\" \/>\n<meta property=\"og:locale\" content=\"en_US\" \/>\n<meta property=\"og:type\" content=\"article\" \/>\n<meta property=\"og:title\" content=\"[:hu]R\u00f3lunk - Aquamarine Dolls Ragdoll Kennel[:en]About us - Aquamarine Dolls Ragdoll Cattery[:]\" \/>\n<meta property=\"og:description\" content=\"Aquamarine Dolls teny\u00e9szet\u00fcnk Budapesten m\u0171k\u00f6dik. C\u00e9lunk: eg\u00e9szs\u00e9ges, igazi ragdoll tulajdons\u00e1gokkal felruh\u00e1zott cic\u00e1k teny\u00e9szt\u00e9se.Aquamarine Dolls Ragdoll Cattery is committed to the responsible breeding of ragdolls. We are located in Budapest, Hungary.\" \/>\n<meta property=\"og:url\" content=\"https:\/\/aquamarineragdolls.com\/rolunk\/\" \/>\n<meta property=\"og:site_name\" content=\"Ragdoll kittens - Aquamarine Dolls Ragdoll Cattery\" \/>\n<meta property=\"article:modified_time\" content=\"2023-09-26T08:34:22+00:00\" \/>\n<meta property=\"og:image\" content=\"https:\/\/aquamarineragdolls.com\/wp-content\/uploads\/2014\/08\/blanka_tomi_cissy_img02-copy.png\" \/>\n<meta name=\"twitter:label1\" content=\"Est. reading time\" \/>\n\t<meta name=\"twitter:data1\" content=\"6 minutes\" \/>\n<script type=\"application\/ld+json\" class=\"yoast-schema-graph\">{\"@context\":\"https:\\\/\\\/schema.org\",\"@graph\":[{\"@type\":\"WebPage\",\"@id\":\"https:\\\/\\\/aquamarineragdolls.com\\\/rolunk\\\/\",\"url\":\"https:\\\/\\\/aquamarineragdolls.com\\\/rolunk\\\/\",\"name\":\"[:hu]R\u00f3lunk - Aquamarine Dolls Ragdoll Kennel[:en]About us - Aquamarine Dolls Ragdoll Cattery[:]\",\"isPartOf\":{\"@id\":\"https:\\\/\\\/aquamarineragdolls.com\\\/#website\"},\"primaryImageOfPage\":{\"@id\":\"https:\\\/\\\/aquamarineragdolls.com\\\/rolunk\\\/#primaryimage\"},\"image\":{\"@id\":\"https:\\\/\\\/aquamarineragdolls.com\\\/rolunk\\\/#primaryimage\"},\"thumbnailUrl\":\"https:\\\/\\\/aquamarineragdolls.com\\\/wp-content\\\/uploads\\\/2014\\\/08\\\/blanka_tomi_cissy_img02-copy.png\",\"datePublished\":\"2013-07-31T18:57:50+00:00\",\"dateModified\":\"2023-09-26T08:34:22+00:00\",\"description\":\"Aquamarine Dolls teny\u00e9szet\u00fcnk Budapesten m\u0171k\u00f6dik. C\u00e9lunk: eg\u00e9szs\u00e9ges, igazi ragdoll tulajdons\u00e1gokkal felruh\u00e1zott cic\u00e1k teny\u00e9szt\u00e9se.Aquamarine Dolls Ragdoll Cattery is committed to the responsible breeding of ragdolls. We are located in Budapest, Hungary.\",\"breadcrumb\":{\"@id\":\"https:\\\/\\\/aquamarineragdolls.com\\\/rolunk\\\/#breadcrumb\"},\"inLanguage\":\"en-US\",\"potentialAction\":[{\"@type\":\"ReadAction\",\"target\":[\"https:\\\/\\\/aquamarineragdolls.com\\\/rolunk\\\/\"]}]},{\"@type\":\"ImageObject\",\"inLanguage\":\"en-US\",\"@id\":\"https:\\\/\\\/aquamarineragdolls.com\\\/rolunk\\\/#primaryimage\",\"url\":\"https:\\\/\\\/aquamarineragdolls.com\\\/wp-content\\\/uploads\\\/2014\\\/08\\\/blanka_tomi_cissy_img02-copy.png\",\"contentUrl\":\"https:\\\/\\\/aquamarineragdolls.com\\\/wp-content\\\/uploads\\\/2014\\\/08\\\/blanka_tomi_cissy_img02-copy.png\"},{\"@type\":\"BreadcrumbList\",\"@id\":\"https:\\\/\\\/aquamarineragdolls.com\\\/rolunk\\\/#breadcrumb\",\"itemListElement\":[{\"@type\":\"ListItem\",\"position\":1,\"name\":\"Kezd\u0151lap\",\"item\":\"https:\\\/\\\/aquamarineragdolls.com\\\/\"},{\"@type\":\"ListItem\",\"position\":2,\"name\":\"R\u00f3lunk\"}]},{\"@type\":\"WebSite\",\"@id\":\"https:\\\/\\\/aquamarineragdolls.com\\\/#website\",\"url\":\"https:\\\/\\\/aquamarineragdolls.com\\\/\",\"name\":\"Ragdoll kittens - Aquamarine Dolls Ragdoll Cattery\",\"description\":\"Aquamarine Dolls Ragdoll Cattery is breeding beautiful and healthy ragdoll kittens in Budapest, Hungary.\",\"potentialAction\":[{\"@type\":\"SearchAction\",\"target\":{\"@type\":\"EntryPoint\",\"urlTemplate\":\"https:\\\/\\\/aquamarineragdolls.com\\\/?s={search_term_string}\"},\"query-input\":{\"@type\":\"PropertyValueSpecification\",\"valueRequired\":true,\"valueName\":\"search_term_string\"}}],\"inLanguage\":\"en-US\"}]}<\/script>\n<!-- \/ Yoast SEO plugin. -->","yoast_head_json":{"title":"About us - Aquamarine Dolls Ragdoll Cattery","description":"Aquamarine Dolls teny\u00e9szet\u00fcnk Budapesten m\u0171k\u00f6dik. C\u00e9lunk: eg\u00e9szs\u00e9ges, igazi ragdoll tulajdons\u00e1gokkal felruh\u00e1zott cic\u00e1k teny\u00e9szt\u00e9se.Aquamarine Dolls Ragdoll Cattery is committed to the responsible breeding of ragdolls. We are located in Budapest, Hungary.","robots":{"index":"index","follow":"follow","max-snippet":"max-snippet:-1","max-image-preview":"max-image-preview:large","max-video-preview":"max-video-preview:-1"},"canonical":"https:\/\/aquamarineragdolls.com\/rolunk\/","og_locale":"en_US","og_type":"article","og_title":"[:hu]R\u00f3lunk - Aquamarine Dolls Ragdoll Kennel[:en]About us - Aquamarine Dolls Ragdoll Cattery[:]","og_description":"Aquamarine Dolls teny\u00e9szet\u00fcnk Budapesten m\u0171k\u00f6dik. C\u00e9lunk: eg\u00e9szs\u00e9ges, igazi ragdoll tulajdons\u00e1gokkal felruh\u00e1zott cic\u00e1k teny\u00e9szt\u00e9se.Aquamarine Dolls Ragdoll Cattery is committed to the responsible breeding of ragdolls. We are located in Budapest, Hungary.","og_url":"https:\/\/aquamarineragdolls.com\/rolunk\/","og_site_name":"Ragdoll kittens - Aquamarine Dolls Ragdoll Cattery","article_modified_time":"2023-09-26T08:34:22+00:00","og_image":[{"url":"https:\/\/aquamarineragdolls.com\/wp-content\/uploads\/2014\/08\/blanka_tomi_cissy_img02-copy.png","type":"","width":"","height":""}],"twitter_misc":{"Est. reading time":"6 minutes"},"schema":{"@context":"https:\/\/schema.org","@graph":[{"@type":"WebPage","@id":"https:\/\/aquamarineragdolls.com\/rolunk\/","url":"https:\/\/aquamarineragdolls.com\/rolunk\/","name":"[:hu]R\u00f3lunk - Aquamarine Dolls Ragdoll Kennel[:en]About us - Aquamarine Dolls Ragdoll Cattery[:]","isPartOf":{"@id":"https:\/\/aquamarineragdolls.com\/#website"},"primaryImageOfPage":{"@id":"https:\/\/aquamarineragdolls.com\/rolunk\/#primaryimage"},"image":{"@id":"https:\/\/aquamarineragdolls.com\/rolunk\/#primaryimage"},"thumbnailUrl":"https:\/\/aquamarineragdolls.com\/wp-content\/uploads\/2014\/08\/blanka_tomi_cissy_img02-copy.png","datePublished":"2013-07-31T18:57:50+00:00","dateModified":"2023-09-26T08:34:22+00:00","description":"Aquamarine Dolls teny\u00e9szet\u00fcnk Budapesten m\u0171k\u00f6dik. C\u00e9lunk: eg\u00e9szs\u00e9ges, igazi ragdoll tulajdons\u00e1gokkal felruh\u00e1zott cic\u00e1k teny\u00e9szt\u00e9se.Aquamarine Dolls Ragdoll Cattery is committed to the responsible breeding of ragdolls. We are located in Budapest, Hungary.","breadcrumb":{"@id":"https:\/\/aquamarineragdolls.com\/rolunk\/#breadcrumb"},"inLanguage":"en-US","potentialAction":[{"@type":"ReadAction","target":["https:\/\/aquamarineragdolls.com\/rolunk\/"]}]},{"@type":"ImageObject","inLanguage":"en-US","@id":"https:\/\/aquamarineragdolls.com\/rolunk\/#primaryimage","url":"https:\/\/aquamarineragdolls.com\/wp-content\/uploads\/2014\/08\/blanka_tomi_cissy_img02-copy.png","contentUrl":"https:\/\/aquamarineragdolls.com\/wp-content\/uploads\/2014\/08\/blanka_tomi_cissy_img02-copy.png"},{"@type":"BreadcrumbList","@id":"https:\/\/aquamarineragdolls.com\/rolunk\/#breadcrumb","itemListElement":[{"@type":"ListItem","position":1,"name":"Kezd\u0151lap","item":"https:\/\/aquamarineragdolls.com\/"},{"@type":"ListItem","position":2,"name":"R\u00f3lunk"}]},{"@type":"WebSite","@id":"https:\/\/aquamarineragdolls.com\/#website","url":"https:\/\/aquamarineragdolls.com\/","name":"Ragdoll kittens - Aquamarine Dolls Ragdoll Cattery","description":"Aquamarine Dolls Ragdoll Cattery is breeding beautiful and healthy ragdoll kittens in Budapest, Hungary.","potentialAction":[{"@type":"SearchAction","target":{"@type":"EntryPoint","urlTemplate":"https:\/\/aquamarineragdolls.com\/?s={search_term_string}"},"query-input":{"@type":"PropertyValueSpecification","valueRequired":true,"valueName":"search_term_string"}}],"inLanguage":"en-US"}]}},"_links":{"self":[{"href":"https:\/\/aquamarineragdolls.com\/en\/wp-json\/wp\/v2\/pages\/2550","targetHints":{"allow":["GET"]}}],"collection":[{"href":"https:\/\/aquamarineragdolls.com\/en\/wp-json\/wp\/v2\/pages"}],"about":[{"href":"https:\/\/aquamarineragdolls.com\/en\/wp-json\/wp\/v2\/types\/page"}],"author":[{"embeddable":true,"href":"https:\/\/aquamarineragdolls.com\/en\/wp-json\/wp\/v2\/users\/5"}],"replies":[{"embeddable":true,"href":"https:\/\/aquamarineragdolls.com\/en\/wp-json\/wp\/v2\/comments?post=2550"}],"version-history":[{"count":23,"href":"https:\/\/aquamarineragdolls.com\/en\/wp-json\/wp\/v2\/pages\/2550\/revisions"}],"predecessor-version":[{"id":5311,"href":"https:\/\/aquamarineragdolls.com\/en\/wp-json\/wp\/v2\/pages\/2550\/revisions\/5311"}],"wp:attachment":[{"href":"https:\/\/aquamarineragdolls.com\/en\/wp-json\/wp\/v2\/media?parent=2550"}],"curies":[{"name":"wp","href":"https:\/\/api.w.org\/{rel}","templated":true}]}}