{"id":5155,"date":"2023-06-06T08:13:24","date_gmt":"2023-06-06T07:13:24","guid":{"rendered":"https:\/\/aquamarineragdolls.com\/?page_id=5155"},"modified":"2023-06-06T12:34:40","modified_gmt":"2023-06-06T11:34:40","slug":"aquamarinedolls-mirabel","status":"publish","type":"page","link":"https:\/\/aquamarineragdolls.com\/de\/cicaink\/aquamarinedolls-mirabel\/","title":{"rendered":"AquamarineDolls Mirabel"},"content":{"rendered":"<p class=\"qtranxs-available-languages-message qtranxs-available-languages-message-de\">Leider ist der Eintrag nur auf <a href=\"https:\/\/aquamarineragdolls.com\/hu\/wp-json\/wp\/v2\/pages\/5155\" class=\"qtranxs-available-language-link qtranxs-available-language-link-hu\" title=\"Magyar\">Magyar<\/a> und <a href=\"https:\/\/aquamarineragdolls.com\/en\/wp-json\/wp\/v2\/pages\/5155\" class=\"qtranxs-available-language-link qtranxs-available-language-link-en\" title=\"English\">English<\/a> verf\u00fcgbar.<\/p>","protected":false},"excerpt":{"rendered":"","protected":false},"author":5,"featured_media":0,"parent":28,"menu_order":0,"comment_status":"closed","ping_status":"closed","template":"","meta":{"footnotes":""},"class_list":["post-5155","page","type-page","status-publish","hentry"],"yoast_head":"<!-- This site is optimized with the Yoast SEO plugin v27.3 - https:\/\/yoast.com\/product\/yoast-seo-wordpress\/ -->\n<title>AquamarineDolls Mirabel - Ragdoll kiscic\u00e1k - Aquamarine Dolls Ragdoll Kennel<\/title>\n<meta name=\"robots\" content=\"index, follow, max-snippet:-1, max-image-preview:large, max-video-preview:-1\" \/>\n<link rel=\"canonical\" href=\"https:\/\/aquamarineragdolls.com\/cicaink\/aquamarinedolls-mirabel\/\" \/>\n<meta property=\"og:locale\" content=\"de_DE\" \/>\n<meta property=\"og:type\" content=\"article\" \/>\n<meta property=\"og:title\" content=\"AquamarineDolls Mirabel - Ragdoll kiscic\u00e1k - Aquamarine Dolls Ragdoll Kennel\" \/>\n<meta property=\"og:url\" content=\"https:\/\/aquamarineragdolls.com\/cicaink\/aquamarinedolls-mirabel\/\" \/>\n<meta property=\"og:site_name\" content=\"Ragdoll kiscic\u00e1k - Aquamarine Dolls Ragdoll Kennel\" \/>\n<meta property=\"article:modified_time\" content=\"2023-06-06T11:34:40+00:00\" \/>\n<meta name=\"twitter:label1\" content=\"Gesch\u00e4tzte Lesezeit\" \/>\n\t<meta name=\"twitter:data1\" content=\"7\u00a0Minuten\" \/>\n<script type=\"application\/ld+json\" class=\"yoast-schema-graph\">{\"@context\":\"https:\\\/\\\/schema.org\",\"@graph\":[{\"@type\":\"WebPage\",\"@id\":\"https:\\\/\\\/aquamarineragdolls.com\\\/cicaink\\\/aquamarinedolls-mirabel\\\/\",\"url\":\"https:\\\/\\\/aquamarineragdolls.com\\\/cicaink\\\/aquamarinedolls-mirabel\\\/\",\"name\":\"AquamarineDolls Mirabel - Ragdoll kiscic\u00e1k - Aquamarine Dolls Ragdoll Kennel\",\"isPartOf\":{\"@id\":\"https:\\\/\\\/aquamarineragdolls.com\\\/#website\"},\"datePublished\":\"2023-06-06T07:13:24+00:00\",\"dateModified\":\"2023-06-06T11:34:40+00:00\",\"breadcrumb\":{\"@id\":\"https:\\\/\\\/aquamarineragdolls.com\\\/cicaink\\\/aquamarinedolls-mirabel\\\/#breadcrumb\"},\"inLanguage\":\"de\",\"potentialAction\":[{\"@type\":\"ReadAction\",\"target\":[\"https:\\\/\\\/aquamarineragdolls.com\\\/cicaink\\\/aquamarinedolls-mirabel\\\/\"]}]},{\"@type\":\"BreadcrumbList\",\"@id\":\"https:\\\/\\\/aquamarineragdolls.com\\\/cicaink\\\/aquamarinedolls-mirabel\\\/#breadcrumb\",\"itemListElement\":[{\"@type\":\"ListItem\",\"position\":1,\"name\":\"Kezd\u0151lap\",\"item\":\"https:\\\/\\\/aquamarineragdolls.com\\\/\"},{\"@type\":\"ListItem\",\"position\":2,\"name\":\"Ragdoll cic\u00e1ink\",\"item\":\"https:\\\/\\\/aquamarineragdolls.com\\\/cicaink\\\/\"},{\"@type\":\"ListItem\",\"position\":3,\"name\":\"AquamarineDolls Mirabel\"}]},{\"@type\":\"WebSite\",\"@id\":\"https:\\\/\\\/aquamarineragdolls.com\\\/#website\",\"url\":\"https:\\\/\\\/aquamarineragdolls.com\\\/\",\"name\":\"Ragdoll kiscic\u00e1k - Aquamarine Dolls Ragdoll Kennel\",\"description\":\"Aquamarine Dolls ragdoll cicateny\u00e9szet\u00fcnk gy\u00f6ny\u00f6r\u0171, eg\u00e9szs\u00e9ges, fajtatiszta ragdoll cic\u00e1kkal foglalkozik Budapesten.\",\"potentialAction\":[{\"@type\":\"SearchAction\",\"target\":{\"@type\":\"EntryPoint\",\"urlTemplate\":\"https:\\\/\\\/aquamarineragdolls.com\\\/?s={search_term_string}\"},\"query-input\":{\"@type\":\"PropertyValueSpecification\",\"valueRequired\":true,\"valueName\":\"search_term_string\"}}],\"inLanguage\":\"de\"}]}<\/script>\n<!-- \/ Yoast SEO plugin. -->","yoast_head_json":{"title":"AquamarineDolls Mirabel - Ragdoll kiscic\u00e1k - Aquamarine Dolls Ragdoll Kennel","robots":{"index":"index","follow":"follow","max-snippet":"max-snippet:-1","max-image-preview":"max-image-preview:large","max-video-preview":"max-video-preview:-1"},"canonical":"https:\/\/aquamarineragdolls.com\/cicaink\/aquamarinedolls-mirabel\/","og_locale":"de_DE","og_type":"article","og_title":"AquamarineDolls Mirabel - Ragdoll kiscic\u00e1k - Aquamarine Dolls Ragdoll Kennel","og_url":"https:\/\/aquamarineragdolls.com\/cicaink\/aquamarinedolls-mirabel\/","og_site_name":"Ragdoll kiscic\u00e1k - Aquamarine Dolls Ragdoll Kennel","article_modified_time":"2023-06-06T11:34:40+00:00","twitter_misc":{"Gesch\u00e4tzte Lesezeit":"7\u00a0Minuten"},"schema":{"@context":"https:\/\/schema.org","@graph":[{"@type":"WebPage","@id":"https:\/\/aquamarineragdolls.com\/cicaink\/aquamarinedolls-mirabel\/","url":"https:\/\/aquamarineragdolls.com\/cicaink\/aquamarinedolls-mirabel\/","name":"AquamarineDolls Mirabel - Ragdoll kiscic\u00e1k - Aquamarine Dolls Ragdoll Kennel","isPartOf":{"@id":"https:\/\/aquamarineragdolls.com\/#website"},"datePublished":"2023-06-06T07:13:24+00:00","dateModified":"2023-06-06T11:34:40+00:00","breadcrumb":{"@id":"https:\/\/aquamarineragdolls.com\/cicaink\/aquamarinedolls-mirabel\/#breadcrumb"},"inLanguage":"de","potentialAction":[{"@type":"ReadAction","target":["https:\/\/aquamarineragdolls.com\/cicaink\/aquamarinedolls-mirabel\/"]}]},{"@type":"BreadcrumbList","@id":"https:\/\/aquamarineragdolls.com\/cicaink\/aquamarinedolls-mirabel\/#breadcrumb","itemListElement":[{"@type":"ListItem","position":1,"name":"Kezd\u0151lap","item":"https:\/\/aquamarineragdolls.com\/"},{"@type":"ListItem","position":2,"name":"Ragdoll cic\u00e1ink","item":"https:\/\/aquamarineragdolls.com\/cicaink\/"},{"@type":"ListItem","position":3,"name":"AquamarineDolls Mirabel"}]},{"@type":"WebSite","@id":"https:\/\/aquamarineragdolls.com\/#website","url":"https:\/\/aquamarineragdolls.com\/","name":"Ragdoll kiscic\u00e1k - Aquamarine Dolls Ragdoll Kennel","description":"Aquamarine Dolls ragdoll cicateny\u00e9szet\u00fcnk gy\u00f6ny\u00f6r\u0171, eg\u00e9szs\u00e9ges, fajtatiszta ragdoll cic\u00e1kkal foglalkozik Budapesten.","potentialAction":[{"@type":"SearchAction","target":{"@type":"EntryPoint","urlTemplate":"https:\/\/aquamarineragdolls.com\/?s={search_term_string}"},"query-input":{"@type":"PropertyValueSpecification","valueRequired":true,"valueName":"search_term_string"}}],"inLanguage":"de"}]}},"_links":{"self":[{"href":"https:\/\/aquamarineragdolls.com\/de\/wp-json\/wp\/v2\/pages\/5155","targetHints":{"allow":["GET"]}}],"collection":[{"href":"https:\/\/aquamarineragdolls.com\/de\/wp-json\/wp\/v2\/pages"}],"about":[{"href":"https:\/\/aquamarineragdolls.com\/de\/wp-json\/wp\/v2\/types\/page"}],"author":[{"embeddable":true,"href":"https:\/\/aquamarineragdolls.com\/de\/wp-json\/wp\/v2\/users\/5"}],"replies":[{"embeddable":true,"href":"https:\/\/aquamarineragdolls.com\/de\/wp-json\/wp\/v2\/comments?post=5155"}],"version-history":[{"count":0,"href":"https:\/\/aquamarineragdolls.com\/de\/wp-json\/wp\/v2\/pages\/5155\/revisions"}],"up":[{"embeddable":true,"href":"https:\/\/aquamarineragdolls.com\/de\/wp-json\/wp\/v2\/pages\/28"}],"wp:attachment":[{"href":"https:\/\/aquamarineragdolls.com\/de\/wp-json\/wp\/v2\/media?parent=5155"}],"curies":[{"name":"wp","href":"https:\/\/api.w.org\/{rel}","templated":true}]}}